{"id":25626,"date":"2023-04-04T12:53:47","date_gmt":"2023-04-04T10:53:47","guid":{"rendered":"https:\/\/wwwdev-transform-network-net.sociality.gr\/board\/"},"modified":"2023-09-27T14:50:06","modified_gmt":"2023-09-27T12:50:06","slug":"board","status":"publish","type":"page","link":"https:\/\/wwwdev-transform-network-net.sociality.gr\/de\/board\/","title":{"rendered":"Board &#038; Political Coordination"},"content":{"rendered":"\t<div class=\"board-list \">\r\n\t\t\t\t\t<div class=\"\">\r\n\t\t\t\t<div class=\"row\">\r\n\t\t\t\t\t\t\t\r\n\t\t\t\t\t\t\r\n\t\t\t\t\t\t<div class=\"col-sm-6 col-md-3 person\">\t\r\n\t\t\t\t\t\t\t<div class=\"person-image\">\t\t\t\t\t\t\t\t\r\n\t\t\t\t\t\t\t\t<a class=\"image-container\" href=\"https:\/\/wwwdev-transform-network-net.sociality.gr\/de\/person\/heidemarie-ambrosch-de\/\">\r\n\t\t\t\t\t\t\t\t\t<img loading=\"lazy\" decoding=\"async\" width=\"150\" height=\"150\" src=\"https:\/\/wwwdev-transform-network-net.sociality.gr\/wp-content\/uploads\/2023\/09\/heidi-1-min-150x150.jpg\" class=\"attachment-thumbnail size-thumbnail\" alt=\"\" \/>\t\t\t\t\t\t\t\t<\/a>\r\n\t\t\t\t\t\t\t<\/div>\t\t\t\t\t\t\t\t\r\n\t\t\t\t\t\t\t<div class=\"post-info\">\t\t\t\t\t\t\t\r\n\t\t\t\t\t\t\t\t<a href=\"https:\/\/wwwdev-transform-network-net.sociality.gr\/de\/person\/heidemarie-ambrosch-de\/\">\r\n\t\t\t\t\t\t\t\t\t<h3 class=\"post-title\">\r\n\t\t\t\t\t\t\t\t\t\tHeidemarie Ambrosch\t\t\t\t\t\t\t\t\t\t<div class=\"person-title\">Austria<\/div>\t\t\t\t\t\t\t\t\t<\/h3>\r\n\t\t\t\t\t\t\t\t<\/a>\r\n\t\t\t\t\t\t\t\t\t\t\t\t\t\t\t<\/div>\r\n\t\t\t\t\t\t<\/div>\t\r\n\t\t\t\r\n\t\t\t\t\t\t\r\n\t\t\t\t\t\t<div class=\"col-sm-6 col-md-3 person\">\t\r\n\t\t\t\t\t\t\t<div class=\"person-image\">\t\t\t\t\t\t\t\t\r\n\t\t\t\t\t\t\t\t<a class=\"image-container\" href=\"https:\/\/wwwdev-transform-network-net.sociality.gr\/de\/person\/czeslaw-kulesza-de\/\">\r\n\t\t\t\t\t\t\t\t\t<img loading=\"lazy\" decoding=\"async\" width=\"150\" height=\"150\" src=\"https:\/\/wwwdev-transform-network-net.sociality.gr\/wp-content\/uploads\/2023\/09\/czeslaw-1-150x150.jpg\" class=\"attachment-thumbnail size-thumbnail\" alt=\"\" \/>\t\t\t\t\t\t\t\t<\/a>\r\n\t\t\t\t\t\t\t<\/div>\t\t\t\t\t\t\t\t\r\n\t\t\t\t\t\t\t<div class=\"post-info\">\t\t\t\t\t\t\t\r\n\t\t\t\t\t\t\t\t<a href=\"https:\/\/wwwdev-transform-network-net.sociality.gr\/de\/person\/czeslaw-kulesza-de\/\">\r\n\t\t\t\t\t\t\t\t\t<h3 class=\"post-title\">\r\n\t\t\t\t\t\t\t\t\t\tCzes\u0142aw Kulesza\t\t\t\t\t\t\t\t\t\t<div class=\"person-title\">Poland<\/div>\t\t\t\t\t\t\t\t\t<\/h3>\r\n\t\t\t\t\t\t\t\t<\/a>\r\n\t\t\t\t\t\t\t\t\t\t\t\t\t\t\t<\/div>\r\n\t\t\t\t\t\t<\/div>\t\r\n\t\t\t\r\n\t\t\t\t\t\t\r\n\t\t\t\t\t\t<div class=\"col-sm-6 col-md-3 person\">\t\r\n\t\t\t\t\t\t\t<div class=\"person-image\">\t\t\t\t\t\t\t\t\r\n\t\t\t\t\t\t\t\t<a class=\"image-container\" href=\"https:\/\/wwwdev-transform-network-net.sociality.gr\/de\/person\/hugo-monteiro-de\/\">\r\n\t\t\t\t\t\t\t\t\t<img loading=\"lazy\" decoding=\"async\" width=\"150\" height=\"150\" src=\"https:\/\/wwwdev-transform-network-net.sociality.gr\/wp-content\/uploads\/2023\/09\/hugo1-150x150.jpg\" class=\"attachment-thumbnail size-thumbnail\" alt=\"\" \/>\t\t\t\t\t\t\t\t<\/a>\r\n\t\t\t\t\t\t\t<\/div>\t\t\t\t\t\t\t\t\r\n\t\t\t\t\t\t\t<div class=\"post-info\">\t\t\t\t\t\t\t\r\n\t\t\t\t\t\t\t\t<a href=\"https:\/\/wwwdev-transform-network-net.sociality.gr\/de\/person\/hugo-monteiro-de\/\">\r\n\t\t\t\t\t\t\t\t\t<h3 class=\"post-title\">\r\n\t\t\t\t\t\t\t\t\t\tHugo Monteiro\t\t\t\t\t\t\t\t\t\t<div class=\"person-title\">Portugal<\/div>\t\t\t\t\t\t\t\t\t<\/h3>\r\n\t\t\t\t\t\t\t\t<\/a>\r\n\t\t\t\t\t\t\t\t\t\t\t\t\t\t\t<\/div>\r\n\t\t\t\t\t\t<\/div>\t\r\n\t\t\t\r\n\t\t\t\t\t\t\r\n\t\t\t\t\t\t<div class=\"col-sm-6 col-md-3 person\">\t\r\n\t\t\t\t\t\t\t<div class=\"person-image\">\t\t\t\t\t\t\t\t\r\n\t\t\t\t\t\t\t\t<a class=\"image-container\" href=\"https:\/\/wwwdev-transform-network-net.sociality.gr\/de\/person\/jiri-malek-de\/\">\r\n\t\t\t\t\t\t\t\t\t<img loading=\"lazy\" decoding=\"async\" width=\"150\" height=\"150\" src=\"https:\/\/wwwdev-transform-network-net.sociality.gr\/wp-content\/uploads\/2023\/09\/jiri1-150x150.jpg\" class=\"attachment-thumbnail size-thumbnail\" alt=\"\" \/>\t\t\t\t\t\t\t\t<\/a>\r\n\t\t\t\t\t\t\t<\/div>\t\t\t\t\t\t\t\t\r\n\t\t\t\t\t\t\t<div class=\"post-info\">\t\t\t\t\t\t\t\r\n\t\t\t\t\t\t\t\t<a href=\"https:\/\/wwwdev-transform-network-net.sociality.gr\/de\/person\/jiri-malek-de\/\">\r\n\t\t\t\t\t\t\t\t\t<h3 class=\"post-title\">\r\n\t\t\t\t\t\t\t\t\t\tJi\u0159\u00ed M\u00e1lek\t\t\t\t\t\t\t\t\t\t<div class=\"person-title\">Czech Republic<\/div>\t\t\t\t\t\t\t\t\t<\/h3>\r\n\t\t\t\t\t\t\t\t<\/a>\r\n\t\t\t\t\t\t\t\t\t\t\t\t\t\t\t<\/div>\r\n\t\t\t\t\t\t<\/div>\t\r\n\t\t\t\r\n\t\t\t\t\t\t\r\n\t\t\t\t\t\t<div class=\"col-sm-6 col-md-3 person\">\t\r\n\t\t\t\t\t\t\t<div class=\"person-image\">\t\t\t\t\t\t\t\t\r\n\t\t\t\t\t\t\t\t<a class=\"image-container\" href=\"https:\/\/wwwdev-transform-network-net.sociality.gr\/de\/person\/roberto-musacchio-de\/\">\r\n\t\t\t\t\t\t\t\t\t<img loading=\"lazy\" decoding=\"async\" width=\"150\" height=\"150\" src=\"https:\/\/wwwdev-transform-network-net.sociality.gr\/wp-content\/uploads\/2023\/09\/roberto_musacchio_01-1-150x150.jpg\" class=\"attachment-thumbnail size-thumbnail\" alt=\"\" \/>\t\t\t\t\t\t\t\t<\/a>\r\n\t\t\t\t\t\t\t<\/div>\t\t\t\t\t\t\t\t\r\n\t\t\t\t\t\t\t<div class=\"post-info\">\t\t\t\t\t\t\t\r\n\t\t\t\t\t\t\t\t<a href=\"https:\/\/wwwdev-transform-network-net.sociality.gr\/de\/person\/roberto-musacchio-de\/\">\r\n\t\t\t\t\t\t\t\t\t<h3 class=\"post-title\">\r\n\t\t\t\t\t\t\t\t\t\tRoberto Musacchio\t\t\t\t\t\t\t\t\t\t<div class=\"person-title\">Italy<\/div>\t\t\t\t\t\t\t\t\t<\/h3>\r\n\t\t\t\t\t\t\t\t<\/a>\r\n\t\t\t\t\t\t\t\t\t\t\t\t\t\t\t<\/div>\r\n\t\t\t\t\t\t<\/div>\t\r\n\t\t\t\r\n\t\t\t\t\t\t\r\n\t\t\t\t\t\t<div class=\"col-sm-6 col-md-3 person\">\t\r\n\t\t\t\t\t\t\t<div class=\"person-image\">\t\t\t\t\t\t\t\t\r\n\t\t\t\t\t\t\t\t<a class=\"image-container\" href=\"https:\/\/wwwdev-transform-network-net.sociality.gr\/de\/person\/anna-nygard\/\">\r\n\t\t\t\t\t\t\t\t\t<img loading=\"lazy\" decoding=\"async\" width=\"150\" height=\"150\" src=\"https:\/\/wwwdev-transform-network-net.sociality.gr\/wp-content\/uploads\/2023\/05\/AnnaNygard-150x150.jpg\" class=\"attachment-thumbnail size-thumbnail\" alt=\"\" \/>\t\t\t\t\t\t\t\t<\/a>\r\n\t\t\t\t\t\t\t<\/div>\t\t\t\t\t\t\t\t\r\n\t\t\t\t\t\t\t<div class=\"post-info\">\t\t\t\t\t\t\t\r\n\t\t\t\t\t\t\t\t<a href=\"https:\/\/wwwdev-transform-network-net.sociality.gr\/de\/person\/anna-nygard\/\">\r\n\t\t\t\t\t\t\t\t\t<h3 class=\"post-title\">\r\n\t\t\t\t\t\t\t\t\t\tAnna Nygard\t\t\t\t\t\t\t\t\t\t<div class=\"person-title\">Sweden<\/div>\t\t\t\t\t\t\t\t\t<\/h3>\r\n\t\t\t\t\t\t\t\t<\/a>\r\n\t\t\t\t\t\t\t\t\t\t\t\t\t\t\t<\/div>\r\n\t\t\t\t\t\t<\/div>\t\r\n\t\t\t\r\n\t\t\t\t\t\t\r\n\t\t\t\t\t\t<div class=\"col-sm-6 col-md-3 person\">\t\r\n\t\t\t\t\t\t\t<div class=\"person-image\">\t\t\t\t\t\t\t\t\r\n\t\t\t\t\t\t\t\t<a class=\"image-container\" href=\"https:\/\/wwwdev-transform-network-net.sociality.gr\/de\/person\/jukka-pietilainen-de\/\">\r\n\t\t\t\t\t\t\t\t\t<img loading=\"lazy\" decoding=\"async\" width=\"150\" height=\"150\" src=\"https:\/\/wwwdev-transform-network-net.sociality.gr\/wp-content\/uploads\/2023\/09\/jukka1-150x150.jpg\" class=\"attachment-thumbnail size-thumbnail\" alt=\"\" \/>\t\t\t\t\t\t\t\t<\/a>\r\n\t\t\t\t\t\t\t<\/div>\t\t\t\t\t\t\t\t\r\n\t\t\t\t\t\t\t<div class=\"post-info\">\t\t\t\t\t\t\t\r\n\t\t\t\t\t\t\t\t<a href=\"https:\/\/wwwdev-transform-network-net.sociality.gr\/de\/person\/jukka-pietilainen-de\/\">\r\n\t\t\t\t\t\t\t\t\t<h3 class=\"post-title\">\r\n\t\t\t\t\t\t\t\t\t\tJukka Pietil\u00e4inen\t\t\t\t\t\t\t\t\t\t<div class=\"person-title\">Finland<\/div>\t\t\t\t\t\t\t\t\t<\/h3>\r\n\t\t\t\t\t\t\t\t<\/a>\r\n\t\t\t\t\t\t\t\t\t\t\t\t\t\t\t<\/div>\r\n\t\t\t\t\t\t<\/div>\t\r\n\t\t\t\r\n\t\t\t\t\t\t\t\t\t\t\r\n\t\t\t\t\t\t\t\r\n\r\n\t\t\t\t<\/div>\r\n\t\t\t<\/div>\r\n\t\t\t<\/div>\r\n\t\t\r\n\t\t\r\n\t\r\n\r\n\n<div class=\"section-title\">\n<h2>Political Coordination<\/h2>\n<\/div>\n\t<div class=\"board-list \">\r\n\t\t\t\t\t<div class=\"\">\r\n\t\t\t\t<div class=\"row\">\r\n\t\t\t\t\t\t\t\r\n\t\t\t\t\t\t\r\n\t\t\t\t\t\t<div class=\"col-sm-6 col-md-3 person\">\t\r\n\t\t\t\t\t\t\t<div class=\"person-image\">\t\t\t\t\t\t\t\t\r\n\t\t\t\t\t\t\t\t<a class=\"image-container\" href=\"https:\/\/wwwdev-transform-network-net.sociality.gr\/de\/person\/marga-ferre-de\/\">\r\n\t\t\t\t\t\t\t\t\t<img loading=\"lazy\" decoding=\"async\" width=\"150\" height=\"150\" src=\"https:\/\/wwwdev-transform-network-net.sociality.gr\/wp-content\/uploads\/2023\/09\/marga1-150x150.jpg\" class=\"attachment-thumbnail size-thumbnail\" alt=\"\" \/>\t\t\t\t\t\t\t\t<\/a>\r\n\t\t\t\t\t\t\t<\/div>\t\t\t\t\t\t\t\t\r\n\t\t\t\t\t\t\t<div class=\"post-info\">\t\t\t\t\t\t\t\r\n\t\t\t\t\t\t\t\t<a href=\"https:\/\/wwwdev-transform-network-net.sociality.gr\/de\/person\/marga-ferre-de\/\">\r\n\t\t\t\t\t\t\t\t\t<h3 class=\"post-title\">\r\n\t\t\t\t\t\t\t\t\t\tMarga Ferre\t\t\t\t\t\t\t\t\t\t<div class=\"person-title\">Co-President - Spain<\/div>\t\t\t\t\t\t\t\t\t<\/h3>\r\n\t\t\t\t\t\t\t\t<\/a>\r\n\t\t\t\t\t\t\t\t\t\t\t\t\t\t\t<\/div>\r\n\t\t\t\t\t\t<\/div>\t\r\n\t\t\t\r\n\t\t\t\t\t\t\r\n\t\t\t\t\t\t<div class=\"col-sm-6 col-md-3 person\">\t\r\n\t\t\t\t\t\t\t<div class=\"person-image\">\t\t\t\t\t\t\t\t\r\n\t\t\t\t\t\t\t\t<a class=\"image-container\" href=\"https:\/\/wwwdev-transform-network-net.sociality.gr\/de\/person\/cornelia-hildebrandt-de\/\">\r\n\t\t\t\t\t\t\t\t\t<img loading=\"lazy\" decoding=\"async\" width=\"150\" height=\"150\" src=\"https:\/\/wwwdev-transform-network-net.sociality.gr\/wp-content\/uploads\/2023\/09\/conny1-150x150.jpg\" class=\"attachment-thumbnail size-thumbnail\" alt=\"\" \/>\t\t\t\t\t\t\t\t<\/a>\r\n\t\t\t\t\t\t\t<\/div>\t\t\t\t\t\t\t\t\r\n\t\t\t\t\t\t\t<div class=\"post-info\">\t\t\t\t\t\t\t\r\n\t\t\t\t\t\t\t\t<a href=\"https:\/\/wwwdev-transform-network-net.sociality.gr\/de\/person\/cornelia-hildebrandt-de\/\">\r\n\t\t\t\t\t\t\t\t\t<h3 class=\"post-title\">\r\n\t\t\t\t\t\t\t\t\t\tCornelia Hildebrandt\t\t\t\t\t\t\t\t\t\t<div class=\"person-title\">Co-President - Germany<\/div>\t\t\t\t\t\t\t\t\t<\/h3>\r\n\t\t\t\t\t\t\t\t<\/a>\r\n\t\t\t\t\t\t\t\t\t\t\t\t\t\t\t<\/div>\r\n\t\t\t\t\t\t<\/div>\t\r\n\t\t\t\r\n\t\t\t\t\t\t\r\n\t\t\t\t\t\t<div class=\"col-sm-6 col-md-3 person\">\t\r\n\t\t\t\t\t\t\t<div class=\"person-image\">\t\t\t\t\t\t\t\t\r\n\t\t\t\t\t\t\t\t<a class=\"image-container\" href=\"https:\/\/wwwdev-transform-network-net.sociality.gr\/de\/person\/koltsida-de\/\">\r\n\t\t\t\t\t\t\t\t\t<img loading=\"lazy\" decoding=\"async\" width=\"150\" height=\"150\" src=\"https:\/\/wwwdev-transform-network-net.sociality.gr\/wp-content\/uploads\/2023\/09\/danai1-150x150.jpg\" class=\"attachment-thumbnail size-thumbnail\" alt=\"\" \/>\t\t\t\t\t\t\t\t<\/a>\r\n\t\t\t\t\t\t\t<\/div>\t\t\t\t\t\t\t\t\r\n\t\t\t\t\t\t\t<div class=\"post-info\">\t\t\t\t\t\t\t\r\n\t\t\t\t\t\t\t\t<a href=\"https:\/\/wwwdev-transform-network-net.sociality.gr\/de\/person\/koltsida-de\/\">\r\n\t\t\t\t\t\t\t\t\t<h3 class=\"post-title\">\r\n\t\t\t\t\t\t\t\t\t\tDanai Koltsida\t\t\t\t\t\t\t\t\t\t<div class=\"person-title\">Vice President - Greece<\/div>\t\t\t\t\t\t\t\t\t<\/h3>\r\n\t\t\t\t\t\t\t\t<\/a>\r\n\t\t\t\t\t\t\t\t\t\t\t\t\t\t\t<\/div>\r\n\t\t\t\t\t\t<\/div>\t\r\n\t\t\t\r\n\t\t\t\t\t\t\r\n\t\t\t\t\t\t<div class=\"col-sm-6 col-md-3 person\">\t\r\n\t\t\t\t\t\t\t<div class=\"person-image\">\t\t\t\t\t\t\t\t\r\n\t\t\t\t\t\t\t\t<a class=\"image-container\" href=\"https:\/\/wwwdev-transform-network-net.sociality.gr\/de\/person\/yann-le-lann\/\">\r\n\t\t\t\t\t\t\t\t\t<img loading=\"lazy\" decoding=\"async\" width=\"150\" height=\"150\" src=\"https:\/\/wwwdev-transform-network-net.sociality.gr\/wp-content\/uploads\/2023\/09\/yann1-150x150.jpg\" class=\"attachment-thumbnail size-thumbnail\" alt=\"\" \/>\t\t\t\t\t\t\t\t<\/a>\r\n\t\t\t\t\t\t\t<\/div>\t\t\t\t\t\t\t\t\r\n\t\t\t\t\t\t\t<div class=\"post-info\">\t\t\t\t\t\t\t\r\n\t\t\t\t\t\t\t\t<a href=\"https:\/\/wwwdev-transform-network-net.sociality.gr\/de\/person\/yann-le-lann\/\">\r\n\t\t\t\t\t\t\t\t\t<h3 class=\"post-title\">\r\n\t\t\t\t\t\t\t\t\t\tYann Le Lann\t\t\t\t\t\t\t\t\t\t<div class=\"person-title\">Vice President - France<\/div>\t\t\t\t\t\t\t\t\t<\/h3>\r\n\t\t\t\t\t\t\t\t<\/a>\r\n\t\t\t\t\t\t\t\t\t\t\t\t\t\t\t<\/div>\r\n\t\t\t\t\t\t<\/div>\t\r\n\t\t\t\r\n\t\t\t\t\t\t\t\t\t\t\r\n\t\t\t\t\t\t\t\r\n\r\n\t\t\t\t<\/div>\r\n\t\t\t<\/div>\r\n\t\t\t<\/div>\r\n\t\t\r\n\t\t\r\n\t\r\n\r\n\n<h4><\/h4>\n","protected":false},"excerpt":{"rendered":"<p>Political Coordination<\/p>\n","protected":false},"author":1,"featured_media":0,"parent":0,"menu_order":0,"comment_status":"closed","ping_status":"closed","template":"","meta":{"_monsterinsights_skip_tracking":false,"_monsterinsights_sitenote_active":false,"_monsterinsights_sitenote_note":"","_monsterinsights_sitenote_category":0,"footnotes":""},"class_list":["post-25626","page","type-page","status-publish","hentry"],"acf":[],"_links":{"self":[{"href":"https:\/\/wwwdev-transform-network-net.sociality.gr\/de\/wp-json\/wp\/v2\/pages\/25626","targetHints":{"allow":["GET"]}}],"collection":[{"href":"https:\/\/wwwdev-transform-network-net.sociality.gr\/de\/wp-json\/wp\/v2\/pages"}],"about":[{"href":"https:\/\/wwwdev-transform-network-net.sociality.gr\/de\/wp-json\/wp\/v2\/types\/page"}],"author":[{"embeddable":true,"href":"https:\/\/wwwdev-transform-network-net.sociality.gr\/de\/wp-json\/wp\/v2\/users\/1"}],"replies":[{"embeddable":true,"href":"https:\/\/wwwdev-transform-network-net.sociality.gr\/de\/wp-json\/wp\/v2\/comments?post=25626"}],"version-history":[{"count":1,"href":"https:\/\/wwwdev-transform-network-net.sociality.gr\/de\/wp-json\/wp\/v2\/pages\/25626\/revisions"}],"predecessor-version":[{"id":25795,"href":"https:\/\/wwwdev-transform-network-net.sociality.gr\/de\/wp-json\/wp\/v2\/pages\/25626\/revisions\/25795"}],"wp:attachment":[{"href":"https:\/\/wwwdev-transform-network-net.sociality.gr\/de\/wp-json\/wp\/v2\/media?parent=25626"}],"curies":[{"name":"wp","href":"https:\/\/api.w.org\/{rel}","templated":true}]}}