{"id":25457,"date":"2023-03-22T17:14:28","date_gmt":"2023-03-22T16:14:28","guid":{"rendered":"https:\/\/wwwdev-transform-network-net.sociality.gr\/about-us\/"},"modified":"2023-08-30T17:55:39","modified_gmt":"2023-08-30T15:55:39","slug":"about-us","status":"publish","type":"page","link":"https:\/\/wwwdev-transform-network-net.sociality.gr\/fr\/about-us\/","title":{"rendered":"\u00c0 propos de transform! europe"},"content":{"rendered":"<p>transform! europe est un r\u00e9seau de 39 organisations europ\u00e9ennes de 23 pays diff\u00e9rents, actives dans les domaines de l&#8217;\u00e9ducation politique et de l&#8217;analyse scientifique critique. transform! europe est la fondation politique officielle du Parti de la gauche europ\u00e9enne (PGE).<\/p>\n<p>Projet coop\u00e9ratif entre des organisations non lucratives ind\u00e9pendantes, des instituts, des fondations et des individus, transform! entreprend de contribuer \u00e0 des relations paisibles entre les peuples et \u00e0 la transformation sociale du monde actuel.<\/p>\n<p>Vaincre la guerre, la domination du capital sur le travail, l&#8217;injustice sociale, le patriarcat, l&#8217;imp\u00e9rialisme, le militarisme, ainsi que le racisme, \u0153uvrer \u00e0 former une association o\u00f9 le libre d\u00e9veloppement de chacun\u00b7e est la condition du libre d\u00e9veloppement de tou\u00b7te\u00b7s, ce sont l\u00e0 les objectifs fondamentaux de notre projet. L&#8217;\u00e9galit\u00e9 et la solidarit\u00e9 entre toutes les personnes constituent les valeurs les plus importantes sur lesquelles se construit le r\u00e9seau transform!.<\/p>\n<p>Le n\u00e9olib\u00e9ralisme et les politiques mises en place en son nom, en particulier l&#8217;aust\u00e9rit\u00e9, tels qu&#8217;ils ont \u00e9t\u00e9 inscrits dans les trait\u00e9s de Maastricht et de Lisbonne, le Pacte de stabilit\u00e9, etc., ont exacerb\u00e9 l&#8217;impact de la crise financi\u00e8re mondiale sur les soci\u00e9t\u00e9s europ\u00e9ennes. C&#8217;est particuli\u00e8rement le cas dans les \u00c9tats membres de l&#8217;UE au sud et \u00e0 l&#8217;est de l&#8217;Europe. Qui plus est, l&#8217;intransigeance dogmatique avec laquelle l&#8217;aust\u00e9rit\u00e9 a \u00e9t\u00e9 impos\u00e9e a men\u00e9 l&#8217;Union europ\u00e9enne \u00e0 une crise politique. De nombreux segments de la soci\u00e9t\u00e9 affichent envers l&#8217;Europe actuelle un scepticisme bien plus prononc\u00e9 que dans les d\u00e9cennies pr\u00e9c\u00e9dentes.<\/p>\n<p>Cela repr\u00e9sente pour la gauche radicale un d\u00e9fi politique, culturel et intellectuel auquel transform! entend se mesurer. L&#8217;exp\u00e9rience a montr\u00e9 que l&#8217;affirmation de l&#8217;id\u00e9e noble et progressiste de l&#8217;unification europ\u00e9enne ne peut passer par une d\u00e9fense ob\u00e9issante du statu quo existant dans l&#8217;Union alors m\u00eame que nous sommes face \u00e0 l&#8217;omnipr\u00e9sence de nationalismes en plein essor et face \u00e0 l&#8217;extr\u00eame droite.<\/p>\n<p>transform! s&#8217;emploie \u00e0 des \u00e9tudes critiques sur l&#8217;Union europ\u00e9enne. Le r\u00e9seau tente de promouvoir des espaces de discussions libres et impartiales sur les alternatives d\u00e9mocratiques afin de poser des jalons en vue d&#8217;une Europe unie dans la paix et la d\u00e9mocratie. Le r\u00e9seau combat sans \u00e9quivoque toutes les formes d&#8217;id\u00e9ologies nationalistes, fondamentalistes, racistes et misogynes qui ont grandi avec la mont\u00e9e des partis d&#8217;extr\u00eame droite, r\u00e9ussissant \u00e0 p\u00e9n\u00e9trer jusqu&#8217;au c\u0153ur de nos soci\u00e9t\u00e9s.<\/p>\n<p>transform! est un r\u00e9seau paneurop\u00e9en. Bien qu&#8217;il re\u00e7oive des fonds du Parlement europ\u00e9en et que la tr\u00e8s grande majorit\u00e9 de ses organisations membres et observatrices soient situ\u00e9es dans l&#8217;Union europ\u00e9enne, son activit\u00e9 et son champ d&#8217;int\u00e9r\u00eat politique portent bien au-del\u00e0 et s&#8217;\u00e9tendent en particulier aux r\u00e9gions voisines de l&#8217;Europe.<\/p>\n<p>Les membres du r\u00e9seau transform! coordonnent leurs activit\u00e9s scientifiques et \u00e9ducationnelles et coop\u00e8rent pour organiser des \u00e9v\u00e9nements th\u00e9oriques et de formation ainsi que des discussions sur les probl\u00e9matiques cl\u00e9s de la gauche d\u00e9mocratique en Europe et dans le monde. Ils travaillent ensemble \u00e0 des publications et \u00e0 des supports de formation pour un dialogue intercontinental \u00e0 l&#8217;int\u00e9rieur de la gauche et entre ses institutions scientifiques et d&#8217;\u00e9ducation populaire.<\/p>\n<p>transform! est un r\u00e9seau ouvert. Toute organisation peut en devenir membre si elle partage les objectifs de transform! et ses engagements, et si elle est capable et a la volont\u00e9 de participer activement \u00e0 la promotion des id\u00e9aux et des valeurs dont ont convenu tous les membres.<\/p>\n<p>La direction de transform! est \u00e9lue par l&#8217;assembl\u00e9e g\u00e9n\u00e9rale des membres pour une p\u00e9riode de deux ans.<\/p>\n","protected":false},"excerpt":{"rendered":"<p>transform! europe est un r\u00e9seau de 39 organisations europ\u00e9ennes de 23 pays diff\u00e9rents, actives dans les domaines de l&#8217;\u00e9ducation politique et de l&#8217;analyse scientifique critique. transform! europe est la fondation politique officielle du Parti de la gauche europ\u00e9enne (PGE). Projet coop\u00e9ratif entre des organisations non lucratives ind\u00e9pendantes, des instituts, des fondations et des individus, transform!<\/p>\n","protected":false},"author":1,"featured_media":0,"parent":0,"menu_order":0,"comment_status":"closed","ping_status":"open","template":"page-side.php","meta":{"_monsterinsights_skip_tracking":false,"_monsterinsights_sitenote_active":false,"_monsterinsights_sitenote_note":"","_monsterinsights_sitenote_category":0,"footnotes":""},"class_list":["post-25457","page","type-page","status-publish","hentry"],"acf":[],"_links":{"self":[{"href":"https:\/\/wwwdev-transform-network-net.sociality.gr\/fr\/wp-json\/wp\/v2\/pages\/25457","targetHints":{"allow":["GET"]}}],"collection":[{"href":"https:\/\/wwwdev-transform-network-net.sociality.gr\/fr\/wp-json\/wp\/v2\/pages"}],"about":[{"href":"https:\/\/wwwdev-transform-network-net.sociality.gr\/fr\/wp-json\/wp\/v2\/types\/page"}],"author":[{"embeddable":true,"href":"https:\/\/wwwdev-transform-network-net.sociality.gr\/fr\/wp-json\/wp\/v2\/users\/1"}],"replies":[{"embeddable":true,"href":"https:\/\/wwwdev-transform-network-net.sociality.gr\/fr\/wp-json\/wp\/v2\/comments?post=25457"}],"version-history":[{"count":1,"href":"https:\/\/wwwdev-transform-network-net.sociality.gr\/fr\/wp-json\/wp\/v2\/pages\/25457\/revisions"}],"predecessor-version":[{"id":25463,"href":"https:\/\/wwwdev-transform-network-net.sociality.gr\/fr\/wp-json\/wp\/v2\/pages\/25457\/revisions\/25463"}],"wp:attachment":[{"href":"https:\/\/wwwdev-transform-network-net.sociality.gr\/fr\/wp-json\/wp\/v2\/media?parent=25457"}],"curies":[{"name":"wp","href":"https:\/\/api.w.org\/{rel}","templated":true}]}}