{"id":25629,"date":"2023-04-04T13:41:50","date_gmt":"2023-04-04T11:41:50","guid":{"rendered":"https:\/\/wwwdev-transform-network-net.sociality.gr\/donations\/"},"modified":"2023-09-15T11:58:38","modified_gmt":"2023-09-15T09:58:38","slug":"faites-un-don","status":"publish","type":"page","link":"https:\/\/wwwdev-transform-network-net.sociality.gr\/fr\/faites-un-don\/","title":{"rendered":"Faites un don"},"content":{"rendered":"<h2>Vous pouvez soutenir notre projet coop\u00e9ratif financi\u00e8rement aussi :<\/h2>\n<p><b>Nos coordonn\u00e9es bancaires :<\/b><br \/>\nTransform Europe<br \/>\nIBAN: AT32 1400 0012 1083 3710<br \/>\nBIC\/SWIFT: BAWAATWW<\/p>\n<p>&nbsp;<\/p>\n","protected":false},"excerpt":{"rendered":"<p>Vous pouvez soutenir notre projet coop\u00e9ratif financi\u00e8rement aussi : Nos coordonn\u00e9es bancaires : Transform Europe IBAN: AT32 1400 0012 1083 3710 BIC\/SWIFT: BAWAATWW &nbsp;<\/p>\n","protected":false},"author":1,"featured_media":0,"parent":0,"menu_order":0,"comment_status":"closed","ping_status":"closed","template":"page-narrow.php","meta":{"_monsterinsights_skip_tracking":false,"_monsterinsights_sitenote_active":false,"_monsterinsights_sitenote_note":"","_monsterinsights_sitenote_category":0,"footnotes":""},"class_list":["post-25629","page","type-page","status-publish","hentry"],"acf":[],"_links":{"self":[{"href":"https:\/\/wwwdev-transform-network-net.sociality.gr\/fr\/wp-json\/wp\/v2\/pages\/25629","targetHints":{"allow":["GET"]}}],"collection":[{"href":"https:\/\/wwwdev-transform-network-net.sociality.gr\/fr\/wp-json\/wp\/v2\/pages"}],"about":[{"href":"https:\/\/wwwdev-transform-network-net.sociality.gr\/fr\/wp-json\/wp\/v2\/types\/page"}],"author":[{"embeddable":true,"href":"https:\/\/wwwdev-transform-network-net.sociality.gr\/fr\/wp-json\/wp\/v2\/users\/1"}],"replies":[{"embeddable":true,"href":"https:\/\/wwwdev-transform-network-net.sociality.gr\/fr\/wp-json\/wp\/v2\/comments?post=25629"}],"version-history":[{"count":1,"href":"https:\/\/wwwdev-transform-network-net.sociality.gr\/fr\/wp-json\/wp\/v2\/pages\/25629\/revisions"}],"predecessor-version":[{"id":25666,"href":"https:\/\/wwwdev-transform-network-net.sociality.gr\/fr\/wp-json\/wp\/v2\/pages\/25629\/revisions\/25666"}],"wp:attachment":[{"href":"https:\/\/wwwdev-transform-network-net.sociality.gr\/fr\/wp-json\/wp\/v2\/media?parent=25629"}],"curies":[{"name":"wp","href":"https:\/\/api.w.org\/{rel}","templated":true}]}}